{"id":255,"date":"2022-05-21T22:54:42","date_gmt":"2022-05-22T03:54:42","guid":{"rendered":"http:\/\/chayrama.com.co\/?post_type=product&#038;p=255"},"modified":"2024-04-21T12:19:09","modified_gmt":"2024-04-21T17:19:09","slug":"255","status":"publish","type":"product","link":"https:\/\/chayrama.com.co\/index.php\/producto\/255\/","title":{"rendered":"CIUDAD PERDIDA"},"content":{"rendered":"","protected":false},"excerpt":{"rendered":"<p><b>El Tour Consta de 4 D\u00edas y 3 Noches<\/b><\/p>\n<p>Llegar a Ciudad Perdida es una aventura inolvidable. Construida hacia el a\u00f1o 700, es el principal centro urbano de la antigua civilizaci\u00f3n Tayrona y constituye uno de los yacimientos arqueol\u00f3gicos m\u00e1s importantes para la investigaci\u00f3n de esta cultura. Aqu\u00ed hay plazoletas circulares, escaleras, caminos y canales construidos en piedra que\u00a0sirvieron de base a viviendas hechas en paja y bahareque.<\/p>\n<p><strong>D\u00eda\u00a01<\/strong><\/p>\n<p>Salida desde Santa Marta hasta el Mamey donde se toma el almuerzo. Se inicia el trekking de Macheta hacia la primera caba\u00f1a, durante este recorrido contamos con piscinas naturales donde tomaremos un refrescante ba\u00f1o, continuaremos con una caminata de 4 a 5 horas\u00a0aproximadamente.<\/p>\n<p><strong>D\u00eda 2\u00a0<\/strong><\/p>\n<p>Desayunamos para dar inicio al trekking pasaremos\u00a0por el pueblo ind\u00edgena de la etnia kogui, el tiempo de esa caminata es de 8 a 9 horas<\/p>\n<p><strong>D\u00eda 3\u00a0<\/strong><\/p>\n<p>Partiremos hacia ciudad perdida. Recorrido de aproximadamente 1 hora all\u00ed haremos reconocimiento del \u00e1rea arqueol\u00f3gica. Finalizado el recorrido\u00a0descenderemos hasta para\u00edso teyuna para el almuerzo,\u00a0para luego llegar hasta la segunda caba\u00f1a.<\/p>\n<p><strong>D\u00eda 4\u00a0<\/strong><\/p>\n<p>D\u00eda de regreso trayecto de 8 a 9 horas aproximadamente. Al llegar al Mamey tomaremos el\u00a0almuerzo<\/p>\n<p>Incluye<\/p>\n<ul>\n<li>Alimentaci\u00f3n<\/li>\n<li>Gu\u00eda y Seguro<\/li>\n<li>Transporte Terrestre ida y regreso<\/li>\n<li>Dormida en Hamaca, Camping o Cama<\/li>\n<\/ul>\n<p>&nbsp;<\/p>\n<p>&nbsp;<\/p>\n<p>&nbsp;<\/p>\n<p>&nbsp;<\/p>\n<p>&nbsp;<\/p>\n<p>&nbsp;<\/p>\n<p>&nbsp;<\/p>\n<p>&nbsp;<\/p>\n","protected":false},"featured_media":256,"comment_status":"open","ping_status":"closed","template":"","meta":{"ocean_post_layout":"","ocean_both_sidebars_style":"","ocean_both_sidebars_content_width":0,"ocean_both_sidebars_sidebars_width":0,"ocean_sidebar":"","ocean_second_sidebar":"","ocean_disable_margins":"enable","ocean_add_body_class":"","ocean_shortcode_before_top_bar":"","ocean_shortcode_after_top_bar":"","ocean_shortcode_before_header":"","ocean_shortcode_after_header":"","ocean_has_shortcode":"","ocean_shortcode_after_title":"","ocean_shortcode_before_footer_widgets":"","ocean_shortcode_after_footer_widgets":"","ocean_shortcode_before_footer_bottom":"","ocean_shortcode_after_footer_bottom":"","ocean_display_top_bar":"default","ocean_display_header":"default","ocean_header_style":"","ocean_center_header_left_menu":"","ocean_custom_header_template":"","ocean_custom_logo":0,"ocean_custom_retina_logo":0,"ocean_custom_logo_max_width":0,"ocean_custom_logo_tablet_max_width":0,"ocean_custom_logo_mobile_max_width":0,"ocean_custom_logo_max_height":0,"ocean_custom_logo_tablet_max_height":0,"ocean_custom_logo_mobile_max_height":0,"ocean_header_custom_menu":"","ocean_menu_typo_font_family":"","ocean_menu_typo_font_subset":"","ocean_menu_typo_font_size":0,"ocean_menu_typo_font_size_tablet":0,"ocean_menu_typo_font_size_mobile":0,"ocean_menu_typo_font_size_unit":"px","ocean_menu_typo_font_weight":"","ocean_menu_typo_font_weight_tablet":"","ocean_menu_typo_font_weight_mobile":"","ocean_menu_typo_transform":"","ocean_menu_typo_transform_tablet":"","ocean_menu_typo_transform_mobile":"","ocean_menu_typo_line_height":0,"ocean_menu_typo_line_height_tablet":0,"ocean_menu_typo_line_height_mobile":0,"ocean_menu_typo_line_height_unit":"","ocean_menu_typo_spacing":0,"ocean_menu_typo_spacing_tablet":0,"ocean_menu_typo_spacing_mobile":0,"ocean_menu_typo_spacing_unit":"","ocean_menu_link_color":"","ocean_menu_link_color_hover":"","ocean_menu_link_color_active":"","ocean_menu_link_background":"","ocean_menu_link_hover_background":"","ocean_menu_link_active_background":"","ocean_menu_social_links_bg":"","ocean_menu_social_hover_links_bg":"","ocean_menu_social_links_color":"","ocean_menu_social_hover_links_color":"","ocean_disable_title":"default","ocean_disable_heading":"default","ocean_post_title":"","ocean_post_subheading":"","ocean_post_title_style":"","ocean_post_title_background_color":"","ocean_post_title_background":0,"ocean_post_title_bg_image_position":"","ocean_post_title_bg_image_attachment":"","ocean_post_title_bg_image_repeat":"","ocean_post_title_bg_image_size":"","ocean_post_title_height":0,"ocean_post_title_bg_overlay":0.5,"ocean_post_title_bg_overlay_color":"","ocean_disable_breadcrumbs":"default","ocean_breadcrumbs_color":"","ocean_breadcrumbs_separator_color":"","ocean_breadcrumbs_links_color":"","ocean_breadcrumbs_links_hover_color":"","ocean_display_footer_widgets":"default","ocean_display_footer_bottom":"default","ocean_custom_footer_template":"","spay_email":"","jetpack_publicize_message":"","jetpack_is_tweetstorm":false,"jetpack_publicize_feature_enabled":true},"product_cat":[22,18],"product_tag":[],"_links":{"self":[{"href":"https:\/\/chayrama.com.co\/index.php\/wp-json\/wp\/v2\/product\/255"}],"collection":[{"href":"https:\/\/chayrama.com.co\/index.php\/wp-json\/wp\/v2\/product"}],"about":[{"href":"https:\/\/chayrama.com.co\/index.php\/wp-json\/wp\/v2\/types\/product"}],"replies":[{"embeddable":true,"href":"https:\/\/chayrama.com.co\/index.php\/wp-json\/wp\/v2\/comments?post=255"}],"wp:featuredmedia":[{"embeddable":true,"href":"https:\/\/chayrama.com.co\/index.php\/wp-json\/wp\/v2\/media\/256"}],"wp:attachment":[{"href":"https:\/\/chayrama.com.co\/index.php\/wp-json\/wp\/v2\/media?parent=255"}],"wp:term":[{"taxonomy":"product_cat","embeddable":true,"href":"https:\/\/chayrama.com.co\/index.php\/wp-json\/wp\/v2\/product_cat?post=255"},{"taxonomy":"product_tag","embeddable":true,"href":"https:\/\/chayrama.com.co\/index.php\/wp-json\/wp\/v2\/product_tag?post=255"}],"curies":[{"name":"wp","href":"https:\/\/api.w.org\/{rel}","templated":true}]}}