{"id":828,"date":"2023-05-30T15:45:12","date_gmt":"2023-05-30T20:45:12","guid":{"rendered":"https:\/\/chayrama.com.co\/?page_id=828"},"modified":"2023-05-30T16:47:19","modified_gmt":"2023-05-30T21:47:19","slug":"buzon-digital","status":"publish","type":"page","link":"https:\/\/chayrama.com.co\/index.php\/buzon-digital\/","title":{"rendered":"Buz\u00f3n digital"},"content":{"rendered":"\t\t<div data-elementor-type=\"wp-page\" data-elementor-id=\"828\" class=\"elementor elementor-828\">\n\t\t\t\t\t\t<div class=\"elementor-inner\">\n\t\t\t\t<div class=\"elementor-section-wrap\">\n\t\t\t\t\t\t\t\t\t<section class=\"elementor-section elementor-top-section elementor-element elementor-element-4f20e35 elementor-section-boxed elementor-section-height-default elementor-section-height-default\" data-id=\"4f20e35\" data-element_type=\"section\">\n\t\t\t\t\t\t<div class=\"elementor-container elementor-column-gap-default\">\n\t\t\t\t\t\t\t<div class=\"elementor-row\">\n\t\t\t\t\t<div class=\"elementor-column elementor-col-100 elementor-top-column elementor-element elementor-element-25d687b\" data-id=\"25d687b\" data-element_type=\"column\">\n\t\t\t<div class=\"elementor-column-wrap elementor-element-populated\">\n\t\t\t\t\t\t\t<div class=\"elementor-widget-wrap\">\n\t\t\t\t\t\t<div class=\"elementor-element elementor-element-270b9a7 elementor-widget elementor-widget-heading\" data-id=\"270b9a7\" data-element_type=\"widget\" data-widget_type=\"heading.default\">\n\t\t\t\t<div class=\"elementor-widget-container\">\n\t\t\t<h2 class=\"elementor-heading-title elementor-size-default\">BUZ\u00d3N DIGITAL<\/h2>\t\t<\/div>\n\t\t\t\t<\/div>\n\t\t\t\t<div class=\"elementor-element elementor-element-dc10891 elementor-widget elementor-widget-text-editor\" data-id=\"dc10891\" data-element_type=\"widget\" data-widget_type=\"text-editor.default\">\n\t\t\t\t<div class=\"elementor-widget-container\">\n\t\t\t\t\t\t\t\t<div class=\"elementor-text-editor elementor-clearfix\">\n\t\t\t\t<p>En nuestra agencia de turismo, transporte y alojamiento, nos esforzamos por ofrecer un servicio excepcional y una comunicaci\u00f3n fluida con nuestros clientes. Para facilitar este proceso, hemos creado el Buz\u00f3n Digital, una herramienta conveniente y eficiente para recibir consultas, sugerencias y solicitudes de nuestros viajeros. A trav\u00e9s del Buz\u00f3n Digital, brindamos atenci\u00f3n personalizada y nos aseguramos de que todas las necesidades de nuestros clientes sean atendidas de manera oportuna y efectiva. \u00a1Ponte en contacto con nosotros hoy mismo a trav\u00e9s de nuestro Buz\u00f3n Digital y comienza a planificar tu pr\u00f3xima aventura!<\/p>\t\t\t\t\t<\/div>\n\t\t\t\t\t\t<\/div>\n\t\t\t\t<\/div>\n\t\t\t\t<div class=\"elementor-element elementor-element-c9e5bd7 elementor-widget elementor-widget-heading\" data-id=\"c9e5bd7\" data-element_type=\"widget\" data-widget_type=\"heading.default\">\n\t\t\t\t<div class=\"elementor-widget-container\">\n\t\t\t<h2 class=\"elementor-heading-title elementor-size-default\">BUZ\u00d3N TOURS<\/h2>\t\t<\/div>\n\t\t\t\t<\/div>\n\t\t\t\t<div class=\"elementor-element elementor-element-7902b80 elementor-widget elementor-widget-image\" data-id=\"7902b80\" data-element_type=\"widget\" data-widget_type=\"image.default\">\n\t\t\t\t<div class=\"elementor-widget-container\">\n\t\t\t\t\t\t\t\t<div class=\"elementor-image\">\n\t\t\t\t\t\t\t\t\t\t\t\t<img width=\"150\" height=\"150\" src=\"https:\/\/chayrama.com.co\/wp-content\/uploads\/2023\/05\/qr-code-4-150x150.png\" class=\"attachment-thumbnail size-thumbnail\" alt=\"\" loading=\"lazy\" srcset=\"https:\/\/chayrama.com.co\/wp-content\/uploads\/2023\/05\/qr-code-4-150x150.png 150w, https:\/\/chayrama.com.co\/wp-content\/uploads\/2023\/05\/qr-code-4-300x300.png 300w, https:\/\/chayrama.com.co\/wp-content\/uploads\/2023\/05\/qr-code-4-768x768.png 768w, https:\/\/chayrama.com.co\/wp-content\/uploads\/2023\/05\/qr-code-4-600x600.png 600w, https:\/\/chayrama.com.co\/wp-content\/uploads\/2023\/05\/qr-code-4-100x100.png 100w, https:\/\/chayrama.com.co\/wp-content\/uploads\/2023\/05\/qr-code-4.png 990w\" sizes=\"(max-width: 150px) 100vw, 150px\" \/>\t\t\t\t\t\t\t\t\t\t\t\t\t\t<\/div>\n\t\t\t\t\t\t<\/div>\n\t\t\t\t<\/div>\n\t\t\t\t<div class=\"elementor-element elementor-element-053f477 elementor-widget elementor-widget-text-editor\" data-id=\"053f477\" data-element_type=\"widget\" data-widget_type=\"text-editor.default\">\n\t\t\t\t<div class=\"elementor-widget-container\">\n\t\t\t\t\t\t\t\t<div class=\"elementor-text-editor elementor-clearfix\">\n\t\t\t\t<p>Escanea el codigo anterior o dale <a href=\"https:\/\/whatsform.com\/IvrsXd\">clic aqui<\/a>.<\/p>\t\t\t\t\t<\/div>\n\t\t\t\t\t\t<\/div>\n\t\t\t\t<\/div>\n\t\t\t\t<div class=\"elementor-element elementor-element-a410c14 elementor-widget elementor-widget-heading\" data-id=\"a410c14\" data-element_type=\"widget\" data-widget_type=\"heading.default\">\n\t\t\t\t<div class=\"elementor-widget-container\">\n\t\t\t<h2 class=\"elementor-heading-title elementor-size-default\">BUZ\u00d3N ALOJAMIENTO<\/h2>\t\t<\/div>\n\t\t\t\t<\/div>\n\t\t\t\t<div class=\"elementor-element elementor-element-34754bf elementor-widget elementor-widget-image\" data-id=\"34754bf\" data-element_type=\"widget\" data-widget_type=\"image.default\">\n\t\t\t\t<div class=\"elementor-widget-container\">\n\t\t\t\t\t\t\t\t<div class=\"elementor-image\">\n\t\t\t\t\t\t\t\t\t\t\t\t<img width=\"150\" height=\"150\" src=\"https:\/\/chayrama.com.co\/wp-content\/uploads\/2023\/05\/qr-code-7-150x150.png\" class=\"attachment-thumbnail size-thumbnail\" alt=\"\" loading=\"lazy\" srcset=\"https:\/\/chayrama.com.co\/wp-content\/uploads\/2023\/05\/qr-code-7-150x150.png 150w, https:\/\/chayrama.com.co\/wp-content\/uploads\/2023\/05\/qr-code-7-300x300.png 300w, https:\/\/chayrama.com.co\/wp-content\/uploads\/2023\/05\/qr-code-7-768x768.png 768w, https:\/\/chayrama.com.co\/wp-content\/uploads\/2023\/05\/qr-code-7-600x600.png 600w, https:\/\/chayrama.com.co\/wp-content\/uploads\/2023\/05\/qr-code-7-100x100.png 100w, https:\/\/chayrama.com.co\/wp-content\/uploads\/2023\/05\/qr-code-7.png 990w\" sizes=\"(max-width: 150px) 100vw, 150px\" \/>\t\t\t\t\t\t\t\t\t\t\t\t\t\t<\/div>\n\t\t\t\t\t\t<\/div>\n\t\t\t\t<\/div>\n\t\t\t\t<div class=\"elementor-element elementor-element-e4110fe elementor-widget elementor-widget-text-editor\" data-id=\"e4110fe\" data-element_type=\"widget\" data-widget_type=\"text-editor.default\">\n\t\t\t\t<div class=\"elementor-widget-container\">\n\t\t\t\t\t\t\t\t<div class=\"elementor-text-editor elementor-clearfix\">\n\t\t\t\t<p>Escanea el codigo anterior o dale <a href=\"https:\/\/whatsform.com\/mfmtJy\">clic aqui.<\/a><\/p>\t\t\t\t\t<\/div>\n\t\t\t\t\t\t<\/div>\n\t\t\t\t<\/div>\n\t\t\t\t<div class=\"elementor-element elementor-element-1b878b1 elementor-widget elementor-widget-heading\" data-id=\"1b878b1\" data-element_type=\"widget\" data-widget_type=\"heading.default\">\n\t\t\t\t<div class=\"elementor-widget-container\">\n\t\t\t<h2 class=\"elementor-heading-title elementor-size-default\">BUZ\u00d3N TRANSPORTE<\/h2>\t\t<\/div>\n\t\t\t\t<\/div>\n\t\t\t\t<div class=\"elementor-element elementor-element-b21ed2c elementor-widget elementor-widget-image\" data-id=\"b21ed2c\" data-element_type=\"widget\" data-widget_type=\"image.default\">\n\t\t\t\t<div class=\"elementor-widget-container\">\n\t\t\t\t\t\t\t\t<div class=\"elementor-image\">\n\t\t\t\t\t\t\t\t\t\t\t\t<img width=\"150\" height=\"150\" src=\"https:\/\/chayrama.com.co\/wp-content\/uploads\/2023\/05\/qr-code-6-150x150.png\" class=\"attachment-thumbnail size-thumbnail\" alt=\"\" loading=\"lazy\" srcset=\"https:\/\/chayrama.com.co\/wp-content\/uploads\/2023\/05\/qr-code-6-150x150.png 150w, https:\/\/chayrama.com.co\/wp-content\/uploads\/2023\/05\/qr-code-6-300x300.png 300w, https:\/\/chayrama.com.co\/wp-content\/uploads\/2023\/05\/qr-code-6-768x768.png 768w, https:\/\/chayrama.com.co\/wp-content\/uploads\/2023\/05\/qr-code-6-600x600.png 600w, https:\/\/chayrama.com.co\/wp-content\/uploads\/2023\/05\/qr-code-6-100x100.png 100w, https:\/\/chayrama.com.co\/wp-content\/uploads\/2023\/05\/qr-code-6.png 990w\" sizes=\"(max-width: 150px) 100vw, 150px\" \/>\t\t\t\t\t\t\t\t\t\t\t\t\t\t<\/div>\n\t\t\t\t\t\t<\/div>\n\t\t\t\t<\/div>\n\t\t\t\t<div class=\"elementor-element elementor-element-1f4f863 elementor-widget elementor-widget-text-editor\" data-id=\"1f4f863\" data-element_type=\"widget\" data-widget_type=\"text-editor.default\">\n\t\t\t\t<div class=\"elementor-widget-container\">\n\t\t\t\t\t\t\t\t<div class=\"elementor-text-editor elementor-clearfix\">\n\t\t\t\t<p>Escanea el codigo anterior o dale <a href=\"https:\/\/whatsform.com\/IvrsXd\">clic aqui<\/a>.<\/p>\t\t\t\t\t<\/div>\n\t\t\t\t\t\t<\/div>\n\t\t\t\t<\/div>\n\t\t\t\t<div class=\"elementor-element elementor-element-e1d61f9 elementor-widget elementor-widget-text-editor\" data-id=\"e1d61f9\" data-element_type=\"widget\" data-widget_type=\"text-editor.default\">\n\t\t\t\t<div class=\"elementor-widget-container\">\n\t\t\t\t\t\t\t\t<div class=\"elementor-text-editor elementor-clearfix\">\n\t\t\t\t<p>Esperamos recibir tus consultas y preguntas a trav\u00e9s de nuestro Buz\u00f3n Digital y ayudarte a crear experiencias de viaje inolvidables. Nuestro equipo est\u00e1 listo para brindarte asistencia personalizada y garantizar que cada aspecto de tu viaje sea excepcional. \u00a1No dudes en contactarnos hoy mismo!<\/p>\t\t\t\t\t<\/div>\n\t\t\t\t\t\t<\/div>\n\t\t\t\t<\/div>\n\t\t\t\t\t\t<\/div>\n\t\t\t\t\t<\/div>\n\t\t<\/div>\n\t\t\t\t\t\t\t\t<\/div>\n\t\t\t\t\t<\/div>\n\t\t<\/section>\n\t\t\t\t\t\t\t\t\t<\/div>\n\t\t\t<\/div>\n\t\t\t\t\t<\/div>\n\t\t","protected":false},"excerpt":{"rendered":"<p>BUZ\u00d3N DIGITAL En nuestra agencia de turismo, transporte y alojamiento, nos esforzamos por ofrecer un servicio excepcional y una comunicaci\u00f3n fluida con nuestros clientes. Para facilitar este proceso, hemos creado el Buz\u00f3n Digital, una herramienta conveniente y eficiente para recibir consultas, sugerencias y solicitudes de nuestros viajeros. A trav\u00e9s del Buz\u00f3n Digital, brindamos atenci\u00f3n personalizada [&hellip;]<\/p>\n","protected":false},"author":1,"featured_media":0,"parent":0,"menu_order":0,"comment_status":"closed","ping_status":"closed","template":"","meta":{"ocean_post_layout":"","ocean_both_sidebars_style":"","ocean_both_sidebars_content_width":0,"ocean_both_sidebars_sidebars_width":0,"ocean_sidebar":"","ocean_second_sidebar":"","ocean_disable_margins":"enable","ocean_add_body_class":"","ocean_shortcode_before_top_bar":"","ocean_shortcode_after_top_bar":"","ocean_shortcode_before_header":"","ocean_shortcode_after_header":"","ocean_has_shortcode":"","ocean_shortcode_after_title":"","ocean_shortcode_before_footer_widgets":"","ocean_shortcode_after_footer_widgets":"","ocean_shortcode_before_footer_bottom":"","ocean_shortcode_after_footer_bottom":"","ocean_display_top_bar":"default","ocean_display_header":"default","ocean_header_style":"","ocean_center_header_left_menu":"","ocean_custom_header_template":"","ocean_custom_logo":0,"ocean_custom_retina_logo":0,"ocean_custom_logo_max_width":0,"ocean_custom_logo_tablet_max_width":0,"ocean_custom_logo_mobile_max_width":0,"ocean_custom_logo_max_height":0,"ocean_custom_logo_tablet_max_height":0,"ocean_custom_logo_mobile_max_height":0,"ocean_header_custom_menu":"","ocean_menu_typo_font_family":"","ocean_menu_typo_font_subset":"","ocean_menu_typo_font_size":0,"ocean_menu_typo_font_size_tablet":0,"ocean_menu_typo_font_size_mobile":0,"ocean_menu_typo_font_size_unit":"px","ocean_menu_typo_font_weight":"","ocean_menu_typo_font_weight_tablet":"","ocean_menu_typo_font_weight_mobile":"","ocean_menu_typo_transform":"","ocean_menu_typo_transform_tablet":"","ocean_menu_typo_transform_mobile":"","ocean_menu_typo_line_height":0,"ocean_menu_typo_line_height_tablet":0,"ocean_menu_typo_line_height_mobile":0,"ocean_menu_typo_line_height_unit":"","ocean_menu_typo_spacing":0,"ocean_menu_typo_spacing_tablet":0,"ocean_menu_typo_spacing_mobile":0,"ocean_menu_typo_spacing_unit":"","ocean_menu_link_color":"","ocean_menu_link_color_hover":"","ocean_menu_link_color_active":"","ocean_menu_link_background":"","ocean_menu_link_hover_background":"","ocean_menu_link_active_background":"","ocean_menu_social_links_bg":"","ocean_menu_social_hover_links_bg":"","ocean_menu_social_links_color":"","ocean_menu_social_hover_links_color":"","ocean_disable_title":"default","ocean_disable_heading":"default","ocean_post_title":"","ocean_post_subheading":"","ocean_post_title_style":"","ocean_post_title_background_color":"","ocean_post_title_background":0,"ocean_post_title_bg_image_position":"","ocean_post_title_bg_image_attachment":"","ocean_post_title_bg_image_repeat":"","ocean_post_title_bg_image_size":"","ocean_post_title_height":0,"ocean_post_title_bg_overlay":0.5,"ocean_post_title_bg_overlay_color":"","ocean_disable_breadcrumbs":"default","ocean_breadcrumbs_color":"","ocean_breadcrumbs_separator_color":"","ocean_breadcrumbs_links_color":"","ocean_breadcrumbs_links_hover_color":"","ocean_display_footer_widgets":"default","ocean_display_footer_bottom":"default","ocean_custom_footer_template":"","spay_email":""},"_links":{"self":[{"href":"https:\/\/chayrama.com.co\/index.php\/wp-json\/wp\/v2\/pages\/828"}],"collection":[{"href":"https:\/\/chayrama.com.co\/index.php\/wp-json\/wp\/v2\/pages"}],"about":[{"href":"https:\/\/chayrama.com.co\/index.php\/wp-json\/wp\/v2\/types\/page"}],"author":[{"embeddable":true,"href":"https:\/\/chayrama.com.co\/index.php\/wp-json\/wp\/v2\/users\/1"}],"replies":[{"embeddable":true,"href":"https:\/\/chayrama.com.co\/index.php\/wp-json\/wp\/v2\/comments?post=828"}],"version-history":[{"count":24,"href":"https:\/\/chayrama.com.co\/index.php\/wp-json\/wp\/v2\/pages\/828\/revisions"}],"predecessor-version":[{"id":859,"href":"https:\/\/chayrama.com.co\/index.php\/wp-json\/wp\/v2\/pages\/828\/revisions\/859"}],"wp:attachment":[{"href":"https:\/\/chayrama.com.co\/index.php\/wp-json\/wp\/v2\/media?parent=828"}],"curies":[{"name":"wp","href":"https:\/\/api.w.org\/{rel}","templated":true}]}}